{"id":5214,"date":"2019-06-08T07:45:02","date_gmt":"2019-06-08T07:45:02","guid":{"rendered":"http:\/\/www.tokiederikastola.org\/?page_id=5214"},"modified":"2026-01-23T15:52:52","modified_gmt":"2026-01-23T14:52:52","slug":"inicio","status":"publish","type":"page","link":"https:\/\/www.tokiederikastola.org\/es\/","title":{"rendered":"INICIO"},"content":{"rendered":"<div class=\"wpb-content-wrapper\">[vc_row full_width=\u00bbstretch_row_content_no_spaces\u00bb css=\u00bb.vc_custom_1489893861136{padding-bottom: 20px !important;}\u00bb][vc_column][rev_slider_vc alias=\u00bbslider_2&#8243;][\/vc_column][\/vc_row][vc_row column_spacing=\u00bb40&#8243; tablet_fullwidth_cols=\u00bbyes\u00bb bg_style=\u00bbstretch\u00bb el_id=\u00bbhome-content\u00bb css=\u00bb.vc_custom_1632840297261{padding-bottom: 20px !important;}\u00bb][vc_column width=\u00bb1\/2&#8243;]<style>.vcex-icon-box.vcex_69ea8238691f5 .vcex-icon-box-content{font-size:18px;}.vcex-icon-box.vcex_69ea8238691f5 .vcex-icon-box-heading{font-size:18px;}.vcex-icon-box.vcex_69ea8238691f5 .vcex-icon-box-icon{font-size:38px;color:#4a97c2;}<\/style><div class=\"vcex-module vcex-icon-box vcex-icon-box-five wpex-block wpex-text-center wpex-p-30 wpex-surface-2 vcex_69ea8238691f5\"><div class=\"vcex-icon-box-symbol vcex-icon-box-symbol--icon wpex-mb-20\"><div class=\"vcex-icon-box-icon wpex-items-center wpex-justify-center wpex-child-inherit-color wpex-text-center wpex-leading-none wpex-inline-flex wpex-text-1\"><span class=\"wpex-flex wpex-icon\" aria-hidden=\"true\"><svg xmlns=\"http:\/\/www.w3.org\/2000\/svg\" viewBox=\"0 0 576 512\"><path d=\"M287.9 0c9.2 0 17.6 5.2 21.6 13.5l68.6 141.3 153.2 22.6c9 1.3 16.5 7.6 19.3 16.3s.5 18.1-5.9 24.5L433.6 328.4l26.2 155.6c1.5 9-2.2 18.1-9.7 23.5s-17.3 6-25.3 1.7l-137-73.2L151 509.1c-8.1 4.3-17.9 3.7-25.3-1.7s-11.2-14.5-9.7-23.5l26.2-155.6L31.1 218.2c-6.5-6.4-8.7-15.9-5.9-24.5s10.3-14.9 19.3-16.3l153.2-22.6L266.3 13.5C270.4 5.2 278.7 0 287.9 0zm0 79L235.4 187.2c-3.5 7.1-10.2 12.1-18.1 13.3L99 217.9 184.9 303c5.5 5.5 8.1 13.3 6.8 21L171.4 443.7l105.2-56.2c7.1-3.8 15.6-3.8 22.6 0l105.2 56.2L384.2 324.1c-1.3-7.7 1.2-15.5 6.8-21l85.9-85.1L358.6 200.5c-7.8-1.2-14.6-6.1-18.1-13.3L287.9 79z\"\/><\/svg><\/span><\/div><\/div><div class=\"vcex-icon-box-text\"><div class=\"vcex-icon-box-content wpex-last-mb-0 wpex-clr\"><p><strong><span id=\"translation_box\" class=\"form-control-text textarea\" role=\"textbox\"><img decoding=\"async\" loading=\"lazy\" class=\"alignnone wp-image-6472\" src=\"https:\/\/www.tokiederikastola.org\/wp-content\/uploads\/2026\/01\/ate-irekiak-tokieder-1-212x300.png\" alt=\"\" width=\"264\" height=\"374\" srcset=\"https:\/\/www.tokiederikastola.org\/wp-content\/uploads\/2026\/01\/ate-irekiak-tokieder-1-212x300.png 212w, https:\/\/www.tokiederikastola.org\/wp-content\/uploads\/2026\/01\/ate-irekiak-tokieder-1-724x1024.png 724w, https:\/\/www.tokiederikastola.org\/wp-content\/uploads\/2026\/01\/ate-irekiak-tokieder-1-768x1086.png 768w, https:\/\/www.tokiederikastola.org\/wp-content\/uploads\/2026\/01\/ate-irekiak-tokieder-1-1086x1536.png 1086w, https:\/\/www.tokiederikastola.org\/wp-content\/uploads\/2026\/01\/ate-irekiak-tokieder-1-600x849.png 600w, https:\/\/www.tokiederikastola.org\/wp-content\/uploads\/2026\/01\/ate-irekiak-tokieder-1.png 1414w\" sizes=\"auto, (max-width: 264px) 100vw, 264px\" \/><\/span><\/strong><\/p>\n<p><strong><span id=\"translation_box\" class=\"form-control-text textarea\" role=\"textbox\">Inscripci\u00f3n para las visitas:<\/span><\/strong><\/p>\n<p><a href=\"https:\/\/docs.google.com\/forms\/d\/e\/1FAIpQLSfOFB2KuUn-jQcYB9efPAQO43UobsCveSlBpanaODOpL0S4Gg\/viewform\">Click aqu\u00ed<\/a><\/p>\n<p>Folleto informativo:<\/p>\n<p><a href=\"https:\/\/www.tokiederikastola.org\/wp-content\/uploads\/2026\/01\/Eskuorria-Toki-Eder-Ikastola.pdf\">Eskuorria Toki Eder Ikastola<\/a><\/p>\n<\/div><\/div><\/div>[\/vc_column][vc_column width=\u00bb1\/2&#8243;]<div class=\"vcex-module vcex-icon-box vcex-icon-box-one wpex-flex wpex-text-left\"><div class=\"vcex-icon-box-symbol vcex-icon-box-symbol--icon wpex-flex-shrink-0 wpex-mr-20\"><div class=\"vcex-icon-box-icon wpex-items-center wpex-justify-center wpex-child-inherit-color wpex-text-center wpex-leading-none wpex-flex wpex-text-1\"><span class=\"wpex-flex wpex-icon--w wpex-icon\" aria-hidden=\"true\"><svg xmlns=\"http:\/\/www.w3.org\/2000\/svg\" viewBox=\"0 0 576 512\"><path d=\"M287.9 0c9.2 0 17.6 5.2 21.6 13.5l68.6 141.3 153.2 22.6c9 1.3 16.5 7.6 19.3 16.3s.5 18.1-5.9 24.5L433.6 328.4l26.2 155.6c1.5 9-2.2 18.1-9.7 23.5s-17.3 6-25.3 1.7l-137-73.2L151 509.1c-8.1 4.3-17.9 3.7-25.3-1.7s-11.2-14.5-9.7-23.5l26.2-155.6L31.1 218.2c-6.5-6.4-8.7-15.9-5.9-24.5s10.3-14.9 19.3-16.3l153.2-22.6L266.3 13.5C270.4 5.2 278.7 0 287.9 0zm0 79L235.4 187.2c-3.5 7.1-10.2 12.1-18.1 13.3L99 217.9 184.9 303c5.5 5.5 8.1 13.3 6.8 21L171.4 443.7l105.2-56.2c7.1-3.8 15.6-3.8 22.6 0l105.2 56.2L384.2 324.1c-1.3-7.7 1.2-15.5 6.8-21l85.9-85.1L358.6 200.5c-7.8-1.2-14.6-6.1-18.1-13.3L287.9 79z\"\/><\/svg><\/span><\/div><\/div><div class=\"vcex-icon-box-text wpex-flex-grow\"><div class=\"vcex-icon-box-content wpex-last-mb-0 wpex-clr\"><p><a href=\"https:\/\/www.youtube.com\/watch?v=by2StisXPt8\"><img decoding=\"async\" loading=\"lazy\" class=\"alignnone wp-image-6455\" src=\"https:\/\/www.tokiederikastola.org\/wp-content\/uploads\/2025\/12\/bideoa-front-300x166.jpg\" alt=\"\" width=\"412\" height=\"228\" srcset=\"https:\/\/www.tokiederikastola.org\/wp-content\/uploads\/2025\/12\/bideoa-front-300x166.jpg 300w, https:\/\/www.tokiederikastola.org\/wp-content\/uploads\/2025\/12\/bideoa-front-1024x567.jpg 1024w, https:\/\/www.tokiederikastola.org\/wp-content\/uploads\/2025\/12\/bideoa-front-768x425.jpg 768w, https:\/\/www.tokiederikastola.org\/wp-content\/uploads\/2025\/12\/bideoa-front-600x332.jpg 600w, https:\/\/www.tokiederikastola.org\/wp-content\/uploads\/2025\/12\/bideoa-front.jpg 1305w\" sizes=\"auto, (max-width: 412px) 100vw, 412px\" \/><\/a><\/p>\n<\/div><\/div><\/div>[\/vc_column][\/vc_row][vc_row full_width=\u00bbstretch_row\u00bb bg_style=\u00bbstretch\u00bb css=\u00bb.vc_custom_1489893936753{border-top-width: 1px !important;padding-top: 40px !important;background-color: #f5f5f5 !important;border-top-color: #ededed !important;border-top-style: solid !important;}\u00bb][vc_column][vc_column_text css=\u00bb\u00bb]<strong><span id=\"translation_box\" class=\"form-control-text textarea\" role=\"textbox\">PRESENTACI\u00d3N DEL NUEVO BOLET\u00cdN DE EVALUACI\u00d3N PARA LA ETAPA DE EDUCACI\u00d3N PRIMARIA<\/span><\/strong><\/p>\n<p><a href=\"https:\/\/view.genially.com\/6748465cba0fc9939ffd779a\/presentation-lh-buletin-berria-tokieder\">Clicar aqui:\u00a0<\/a><\/p>\n<p><a href=\"https:\/\/view.genially.com\/6748465cba0fc9939ffd779a\/presentation-lh-buletin-berria-tokieder\"><img loading=\"lazy\" decoding=\"async\" class=\"alignnone size-medium wp-image-6409\" src=\"https:\/\/www.tokiederikastola.org\/wp-content\/uploads\/2024\/12\/portada-300x270.jpg\" alt=\"\" width=\"300\" height=\"270\" srcset=\"https:\/\/www.tokiederikastola.org\/wp-content\/uploads\/2024\/12\/portada-300x270.jpg 300w, https:\/\/www.tokiederikastola.org\/wp-content\/uploads\/2024\/12\/portada-600x539.jpg 600w, https:\/\/www.tokiederikastola.org\/wp-content\/uploads\/2024\/12\/portada.jpg 693w\" sizes=\"auto, (max-width: 300px) 100vw, 300px\" \/><\/a>[\/vc_column_text][\/vc_column][vc_column][vc_row_inner][vc_column_inner width=\u00bb1\/4&#8243;][vc_single_image image=\u00bb5815&#8243; onclick=\u00bbcustom_link\u00bb img_link_target=\u00bb_blank\u00bb link=\u00bbhttps:\/\/www.ikaselkar.eus\/es\/\u00bb][\/vc_column_inner][vc_column_inner width=\u00bb1\/4&#8243;][vc_single_image image=\u00bb6185&#8243; onclick=\u00bbcustom_link\u00bb img_link_target=\u00bb_blank\u00bb link=\u00bbhttps:\/\/www.innovamat.com\/\u00bb][\/vc_column_inner][vc_column_inner width=\u00bb1\/4&#8243;][vc_single_image image=\u00bb6188&#8243; onclick=\u00bbcustom_link\u00bb img_link_target=\u00bb_blank\u00bb link=\u00bbhttps:\/\/steamgune.euskadi.eus\/es\/inicio\u00bb][\/vc_column_inner][vc_column_inner width=\u00bb1\/4&#8243;][vc_single_image image=\u00bb6298&#8243; onclick=\u00bbcustom_link\u00bb img_link_target=\u00bb_blank\u00bb link=\u00bbhttps:\/\/www.baieuskarari.eus\/\u00bb][\/vc_column_inner][\/vc_row_inner][\/vc_column][\/vc_row][vc_row][vc_column width=\u00bb1\/2&#8243;][vc_single_image image=\u00bb6310&#8243; onclick=\u00bbcustom_link\u00bb img_link_target=\u00bb_blank\u00bb link=\u00bbhttps:\/\/instagram.com\/tokiederhlhi?igshid=YTQwZjQ0NmI0OA==\u00bb][\/vc_column][\/vc_row][vc_row][vc_column width=\u00bb1\/3&#8243;][\/vc_column][vc_column width=\u00bb1\/3&#8243;][vc_single_image image=\u00bb6304&#8243; alignment=\u00bbcenter\u00bb][vc_column_text]\n<p style=\"text-align: center;\">Calle Duque de Wellington, 01010 Vitoria-Gasteiz.<br \/>\ntokieder@tokieder.eus 945 18 70 40<\/p>\n<p style=\"text-align: center;\"><strong>Consulta la pol\u00edtica de privacidad, datos y cookies aqu\u00ed.<\/strong><\/p>\n[\/vc_column_text][\/vc_column][vc_column width=\u00bb1\/3&#8243;][\/vc_column][\/vc_row]\n<\/div>","protected":false},"excerpt":{"rendered":"<p>[vc_row full_width=\u00bbstretch_row_content_no_spaces\u00bb css=\u00bb.vc_custom_1489893861136{padding-bottom: 20px !important;}\u00bb][vc_column][rev_slider_vc alias=\u00bbslider_2&#8243;][\/vc_column][\/vc_row][vc_row column_spacing=\u00bb40&#8243; tablet_fullwidth_cols=\u00bbyes\u00bb bg_style=\u00bbstretch\u00bb el_id=\u00bbhome-content\u00bb css=\u00bb.vc_custom_1632840297261{padding-bottom: 20px !important;}\u00bb][vc_column width=\u00bb1\/2&#8243;][\/vc_column][vc_column width=\u00bb1\/2&#8243;][\/vc_column][\/vc_row][vc_row full_width=\u00bbstretch_row\u00bb bg_style=\u00bbstretch\u00bb css=\u00bb.vc_custom_1489893936753{border-top-width: 1px !important;padding-top: 40px !important;background-color: #f5f5f5 !important;border-top-color: #ededed !important;border-top-style: solid !important;}\u00bb][vc_column][vc_column_text css=\u00bb\u00bb]PRESENTACI\u00d3N DEL NUEVO BOLET\u00cdN DE EVALUACI\u00d3N PARA LA ETAPA DE EDUCACI\u00d3N PRIMARIA Clicar aqui:\u00a0 [\/vc_column_text][\/vc_column][vc_column][vc_row_inner][vc_column_inner width=\u00bb1\/4&#8243;][vc_single_image image=\u00bb5815&#8243; onclick=\u00bbcustom_link\u00bb img_link_target=\u00bb_blank\u00bb link=\u00bbhttps:\/\/www.ikaselkar.eus\/es\/\u00bb][\/vc_column_inner][vc_column_inner width=\u00bb1\/4&#8243;][vc_single_image image=\u00bb6185&#8243; onclick=\u00bbcustom_link\u00bb img_link_target=\u00bb_blank\u00bb link=\u00bbhttps:\/\/www.innovamat.com\/\u00bb][\/vc_column_inner][vc_column_inner width=\u00bb1\/4&#8243;][vc_single_image image=\u00bb6188&#8243;&hellip;<\/p>\n","protected":false},"author":1,"featured_media":6251,"parent":0,"menu_order":0,"comment_status":"closed","ping_status":"closed","template":"","meta":{"footnotes":""},"class_list":["post-5214","page","type-page","status-publish","has-post-thumbnail","hentry","entry","has-media"],"_links":{"self":[{"href":"https:\/\/www.tokiederikastola.org\/es\/wp-json\/wp\/v2\/pages\/5214","targetHints":{"allow":["GET"]}}],"collection":[{"href":"https:\/\/www.tokiederikastola.org\/es\/wp-json\/wp\/v2\/pages"}],"about":[{"href":"https:\/\/www.tokiederikastola.org\/es\/wp-json\/wp\/v2\/types\/page"}],"author":[{"embeddable":true,"href":"https:\/\/www.tokiederikastola.org\/es\/wp-json\/wp\/v2\/users\/1"}],"replies":[{"embeddable":true,"href":"https:\/\/www.tokiederikastola.org\/es\/wp-json\/wp\/v2\/comments?post=5214"}],"version-history":[{"count":84,"href":"https:\/\/www.tokiederikastola.org\/es\/wp-json\/wp\/v2\/pages\/5214\/revisions"}],"predecessor-version":[{"id":6481,"href":"https:\/\/www.tokiederikastola.org\/es\/wp-json\/wp\/v2\/pages\/5214\/revisions\/6481"}],"wp:featuredmedia":[{"embeddable":true,"href":"https:\/\/www.tokiederikastola.org\/es\/wp-json\/wp\/v2\/media\/6251"}],"wp:attachment":[{"href":"https:\/\/www.tokiederikastola.org\/es\/wp-json\/wp\/v2\/media?parent=5214"}],"curies":[{"name":"wp","href":"https:\/\/api.w.org\/{rel}","templated":true}]}}