{"id":5232,"date":"2019-06-08T07:22:36","date_gmt":"2019-06-08T07:22:36","guid":{"rendered":"http:\/\/www.tokiederikastola.org\/?page_id=5232"},"modified":"2025-11-10T09:39:16","modified_gmt":"2025-11-10T08:39:16","slug":"la-ikastola","status":"publish","type":"page","link":"https:\/\/www.tokiederikastola.org\/es\/la-ikastola\/","title":{"rendered":"La ikastola"},"content":{"rendered":"<div class=\"wpb-content-wrapper\">[vc_row full_width=\u00bbstretch_row_content_no_spaces\u00bb css=\u00bb.vc_custom_1579937817185{padding-top: 200px !important;padding-bottom: 160px !important;background-image: url(http:\/\/www.tokiederikastola.org\/wp-content\/uploads\/2020\/01\/mural.jpg?id=5399) !important;background-position: center !important;background-repeat: no-repeat !important;background-size: cover !important;}\u00bb][vc_column][\/vc_column][\/vc_row][vc_row full_width=\u00bbstretch_row_content_no_spaces\u00bb css=\u00bb.vc_custom_1579937873723{background-position: center !important;background-repeat: no-repeat !important;background-size: cover !important;}\u00bb][vc_column][vc_empty_space height=\u00bb60px\u00bb][vc_column_text css=\u00bb\u00bb font_size=\u00bb18px\u00bb]\n<h1 style=\"text-align: center;\">IKASTOLA<\/h1>\n[\/vc_column_text][\/vc_column][\/vc_row][vc_row][vc_column width=\u00bb1\/2&#8243;][vc_empty_space]<style>.vcex-icon-box.vcex_69eaadaacf642 .vcex-icon-box-icon{color:#4a97c2;}<\/style><a class=\"vcex-module vcex-icon-box vcex-icon-box-five vcex-icon-box-has-link wpex-inherit-color wpex-no-underline wpex-block wpex-text-center wpex-p-30 wpex-surface-2 vcex_69eaadaacf642\" href=\"http:\/\/www.tokiederikastola.org\/index.php\/proyecto-educativo\/\"><div class=\"vcex-icon-box-symbol vcex-icon-box-symbol--icon wpex-mb-20\"><div class=\"vcex-icon-box-icon wpex-items-center wpex-justify-center wpex-child-inherit-color wpex-text-center wpex-leading-none wpex-inline-flex wpex-text-1\"><span class=\"wpex-flex vc_li vc_li-search\" aria-hidden=\"true\"><\/span><\/div><\/div><div class=\"vcex-icon-box-text\"><h2 class=\"vcex-icon-box-heading wpex-heading wpex-text-md wpex-mb-10\">PROYECTO EDUCATIVO<\/h2><div class=\"vcex-icon-box-content wpex-last-mb-0 wpex-clr\"><p>La ikastola Tokieder es un <strong>centro p\u00fablico de Educaci\u00f3n Infantil y Primaria de modelo D.<\/strong> Disponemos de oferta educativa <strong>de 2 a 12 a\u00f1os<\/strong> y tres aulas por nivel. Ponemos el principal acento en el <strong>conocimiento y\u00a0 transmisi\u00f3n\u00a0 del euskera y de los valores hist\u00f3ricos y culturales de Euskal Herria,<\/strong> siendo esta nuestra <strong>principal se\u00f1a de identidad.<\/strong><\/p>\n<div class=\"vcex-module vcex-divider-dots clr\"><\/div>\n<\/div><\/div><\/a>[\/vc_column][vc_column width=\u00bb1\/2&#8243;][vc_empty_space]<style>.vcex-icon-box.vcex_69eaadaad20a6 .vcex-icon-box-icon{color:#4a97c2;}<\/style><div class=\"vcex-module vcex-icon-box vcex-icon-box-five wpex-block wpex-text-center wpex-p-30 wpex-surface-2 vcex_69eaadaad20a6\"><div class=\"vcex-icon-box-symbol vcex-icon-box-symbol--icon wpex-mb-20\"><div class=\"vcex-icon-box-icon wpex-items-center wpex-justify-center wpex-child-inherit-color wpex-text-center wpex-leading-none wpex-inline-flex wpex-text-1\"><span class=\"wpex-flex vc_li vc_li-user\" aria-hidden=\"true\"><\/span><\/div><\/div><div class=\"vcex-icon-box-text\"><h2 class=\"vcex-icon-box-heading wpex-heading wpex-text-md wpex-mb-10\">ORGANIZACI\u00d3N<\/h2><div class=\"vcex-icon-box-content wpex-last-mb-0 wpex-clr\"><p>Conoce la organizaci\u00f3n de la ikastola,\u00a0 el equipo docente y los responsables de cada departamento. <strong>Dirige tus comunicaciones al email del tutor que se os facilita en la reuni\u00f3n de inicio de curso.<br \/>\n<\/strong><\/p>\n<\/div><\/div><\/div>[\/vc_column][\/vc_row][vc_row][vc_column][vc_tta_accordion style=\u00bbmodern\u00bb color=\u00bbpeacoc\u00bb active_section=\u00bb8&#8243; no_fill=\u00bbtrue\u00bb collapsible_all=\u00bbtrue\u00bb][vc_tta_section title=\u00bbAPRENDIZAJE COOPERATIVO\u00bb tab_id=\u00bb1573922059271-29e47368-5d8a\u00bb][vc_column_text]Es un proyecto que empez\u00f3 a desarrollarse en el curso 2012-2013 y se dise\u00f1\u00f3 durante 3 a\u00f1os. Hoy en d\u00eda, est\u00e1 insertado en la din\u00e1mica de la ikastola y constituye una se\u00f1a de identidad de la misma.<\/p>\n<p>Poner en marcha el aprendizaje cooperativo supuso un cambio metodol\u00f3gico profundo. Pero enseguida vimos grandes ventajas: el aprendizaje cooperativo facilita desarrollar la autorregulaci\u00f3n de lo aprendido, la distribuci\u00f3n de las responsabilidades, la participaci\u00f3n de todos, las habilidades de comunicaci\u00f3n orales, el respeto, la ayuda mutua, la empat\u00eda&#8230;. Adem\u00e1s de esto, la metodolog\u00eda cooperativa es una de las estrategias mejores para responder a la diversidad y crear una escuela inclusiva.<\/p>\n<p>Se hace el trabajo en grupo en actividades concretas, planificando y trabajando la gesti\u00f3n de los diferentes conflictos que puedan surgir:<\/p>\n<ul>\n<li>Los liderazgos absorbentes<br \/>\n\u2022 Muy diferentes niveles de participaci\u00f3n<br \/>\n\u2022 Las discusiones, el ambiente inadecuado&#8230; (la cooperaci\u00f3n pide desarrollar la solidaridad con el diferente y el respeto)<\/li>\n<\/ul>\n<p>Las actuaciones incluidas en el Programa de Aprendizaje cooperativo se estructuran en tres \u00e1mbitos de intervenci\u00f3n:<\/p>\n<p>A<strong><u>) Las estrategias para mejorar la cohesi\u00f3n del grupo. <\/u><\/strong><\/p>\n<p>En este apartado se incluyen una serie de actuaciones\u00a0(din\u00e1micas de grupo, juegos cooperativos, actividades\u2026), a desarrollar\u00a0fundamentalmente en las horas de tutor\u00eda, encaminadas a ir mejorando el clima del aula,\u00a0para conseguir que, poco a poco, los alumnos y las alumnas de una clase tomen conciencia de grupo, se conviertan cada vez m\u00e1s en una peque\u00f1a\u00a0comunidad de aprendizaje.<\/p>\n<ol>\n<li><strong>B)<u> Utilizaci\u00f3n del trabajo en grupo como rewcurso de aprendizaje <\/u><\/strong><\/li>\n<\/ol>\n<p>Este \u00e1mbito de intervenci\u00f3n se caracteriza por la utilizaci\u00f3n del trabajo en equipo como recurso para ense\u00f1ar,\u00a0re\u00fane\u00a0una serie de actividades (estructuras) para que el trabajo en equipo llegue a ser un recurso cada vez m\u00e1s utilizado en nuestras aulas.<\/p>\n<p>C <strong><u>El trabajo en grupo como contenido<\/u><\/strong><\/p>\n<p>Ense\u00f1ar a trabajar en equipo a nuestro alumnado consiste, b\u00e1sicamente, en ayudarles a especificar con claridad los objetivos que se proponen, las metas que tienen que alcanzar, ense\u00f1arles a organizarse como equipo para conseguir estas metas (lo cual supone la distribuci\u00f3n de distintos roles y responsabilidades dentro del equipo y la distribuci\u00f3n de las distintas tareas, si se trata de hacer algo entre todos) y ense\u00f1arles a autorregular el funcionamiento de su propio equipo identificando lo que no hacen correctamente y les impide conseguir lo que persiguen, y poniendo los medios para mejorar progresivamente estos aspectos negativos, de modo que aprendan, practic\u00e1ndolas, las habilidades sociales imprescindibles para trabajar en grupos reducidos..[\/vc_column_text][\/vc_tta_section][vc_tta_section title=\u00bbEL PLAN DE CONVIVENCIA Y COOEDUCACI\u00d3N\u00bb tab_id=\u00bb1573922059331-2ff490b0-1f1a\u00bb][vc_column_text]Tokieder lleva m\u00e1s de diez a\u00f1os desarrollando temas relacionados con la convivencia. Cada a\u00f1o se constituye un <strong>grupo dinamizador<\/strong>. Son participantes indispensables en este grupo el\/la jefe de estudios y el\/la consultor\/ra del centro, para poder asegurar la participaci\u00f3n en el <strong>Consejo Escolar<\/strong> y la coordinaci\u00f3n con la <strong>Comisi\u00f3n Pedag\u00f3gica<\/strong> y la Comisi\u00f3n de Convivencia y Coeducaci\u00f3n del alumnado.<\/p>\n<p><strong>La Comisi\u00f3n de Convivencia y Coeducaci\u00f3n del alumnado<\/strong> es el modo de participaci\u00f3n activa de los\/las ni\u00f1os\/as en la vida del centro y los temas que surgen en esta comisi\u00f3n son la base para el trabajo de las dem\u00e1s comisiones. Est\u00e1 constituida por 1 o 2 representantes de cada aula y se re\u00fanen 5 o 6 veces durante el curso. Adem\u00e1s de esto, los estudiantes son los impulsores de la organizaci\u00f3n de los rincones de juego en el patio.<\/p>\n<p><strong>El grupo de Convivencia y Coeducaci\u00f3n de las Familias<\/strong> est\u00e1 formado por madres y padres de cada aula. Se re\u00fanen 3-4 veces durante el curso con el\/la consultora y el\/ jefe de estudios. En esta comisi\u00f3n tambi\u00e9n se recogen dudas, sugerencias, temas a mejorar\u2026 intentando impulsar una convivencia m\u00e1s positiva entre todos los integrantes de la Ikastola.<\/p>\n<ol>\n<li><strong>Queremos aumentar la implicaci\u00f3n y participaci\u00f3n de las familias y el alumnado. <\/strong>Con ello pensamos que se desarrollar\u00e1 la capacidad de toma de decisiones de l@s alumn@s.<\/li>\n<li><strong>Queremos construir entre todas las normas de convivencia y darlas a conocer. <\/strong>Ello nos ayudara a aumentar la capacidad de relacionarnos con los dem\u00e1s y al desarrollo del pensamiento cr\u00edtico.<\/li>\n<li><strong>Deseamos desarrollar la capacidad de expresar y encaminar las emociones y sentimientos <\/strong>porque esto aumentara el autoconocimiento y autocontrol del alumnado, la empat\u00eda y la asertividad.<\/li>\n<li><strong>Queremos transformar los conflictos de forma constructiva <\/strong>para que l@s ni\u00f1@s aprendan a hacerlo de este modo.<\/li>\n<\/ol>\n[\/vc_column_text][\/vc_tta_section][vc_tta_section title=\u00bbPROGRAMA ULIBARRI: PROYECTO DE NORMALIZACI\u00d3N LING\u00dc\u00cdSTICA\u00bb tab_id=\u00bb1573922242752-de75e76f-90d6&#8243;][vc_column_text]Para dinamizar este proyecto trabaja la comisi\u00f3n de Euskara. En esta comisi\u00f3n participa un representante de cada ciclo (4), la jefa de estudios y el t\u00e9cnico de normalizaci\u00f3n ling\u00fc\u00edstica, celebrando reuniones semanales.<\/p>\n<p>Las funciones m\u00e1s importantes de esta comisi\u00f3n son las siguientes:<\/p>\n<ol>\n<li>Preparar e impulsar las campa\u00f1as de euskara, haciendo propuestas a los ciclos y recogiendo sus opiniones. A lo largo del a\u00f1o se llevan a cabo tres campa\u00f1as de euskara para potenciar su utilizaci\u00f3n:<\/li>\n<\/ol>\n<ul>\n<li>En septiembre en Educaci\u00f3n Primaria y en octubre en Educaci\u00f3n Infantil: El objetivo principal de la misma es hacer frente a la menor utilizaci\u00f3n del euskara despu\u00e9s de las vacaciones. Las actividades tienen relaci\u00f3n con los juegos de los recreos.<\/li>\n<li>Durante el primer trimestre participamos en las campa\u00f1as de euskara organizadas por los centros escolares de modelo D de Alava.<\/li>\n<li>La tercera se desarrolla en el tercer trimestre, siendo el objetivo de dicha campa\u00f1a cuidar y mejorar la expresi\u00f3n oral.<\/li>\n<\/ul>\n[\/vc_column_text][\/vc_tta_section][vc_tta_section title=\u00bbPROYECTO DIGITAL DEL CENTRO\u00bb tab_id=\u00bb1696948761815-e73f127c-5c46&#8243;][vc_column_text]En este apartado pod\u00e9is consultar el Proyecto Digital del Centro 2023\/2025.<\/p>\n<p><a href=\"http:\/\/www.tokiederikastola.org\/wp-content\/uploads\/2023\/10\/PDE-2023.2024.pdf\">PDE 2023.2024<\/a>[\/vc_column_text][\/vc_tta_section][vc_tta_section title=\u00bbCRITERIOS DE EVALUACI\u00d3N PARA EDUCACI\u00d3N PRIMARIA\u00bb tab_id=\u00bb1732629983246-3a0c9071-62da\u00bb][vc_column_text css=\u00bb\u00bb]Criterios de evaluacion en la etapa de Educaci\u00f3n Primaria para cada nivel.<\/p>\n<p><a href=\"https:\/\/www.tokiederikastola.org\/wp-content\/uploads\/2024\/11\/Criterios-de-evaluacion-EP-Tokieder-Ikastola.xlsx\">Criterios de evaluaci\u00f3n EP Tokieder Ikastola<\/a>[\/vc_column_text][\/vc_tta_section][\/vc_tta_accordion][\/vc_column][\/vc_row][vc_row][vc_column][vc_empty_space][vc_column_text font_size=\u00bb18px\u00bb]\n<h1 style=\"text-align: center;\">SERVICIOS DE LA IKASTOLA<\/h1>\n[\/vc_column_text][vc_column_text font_size=\u00bb18px\u00bb]\n<p style=\"text-align: center;\">Consulta los distintos servicios de la ikastola.<\/p>\n[\/vc_column_text][\/vc_column][\/vc_row][vc_row bg_style=\u00bbstretch\u00bb border_style=\u00bbsolid\u00bb padding_top=\u00bb30px\u00bb][vc_column width=\u00bb1\/4&#8243;]<div class=\"vcex-spacing wpex-w-100 wpex-clear\" style=\"height:25px;\"><\/div><style>.vcex-icon.vcex_69eaadaad4707{font-size:60px;}.vcex-icon.vcex_69eaadaad4707 .vcex-icon-wrap{width:100px;height:100px;color:#ffffff;background-color:#e9c055;border-radius:99px;}<\/style><div class=\"vcex-icon vcex-module vcex-icon-normal wpex-float-none wpex-m-auto wpex-text-center vcex_69eaadaad4707\"><div class=\"vcex-icon-wrap wpex-inline-flex wpex-items-center wpex-justify-center wpex-leading-none\"><span class=\"wpex-icon\" aria-hidden=\"true\"><svg xmlns=\"http:\/\/www.w3.org\/2000\/svg\" viewBox=\"0 0 32 32\"><path d=\"M10.875 14.571l5.125-3.714 5.125 3.714-1.946 6h-6.339zM16 0q3.25 0 6.214 1.268t5.107 3.411 3.411 5.107 1.268 6.214-1.268 6.214-3.411 5.107-5.107 3.411-6.214 1.268-6.214-1.268-5.107-3.411-3.411-5.107-1.268-6.214 1.268-6.214 3.411-5.107 5.107-3.411 6.214-1.268zM27.054 24.107q2.661-3.625 2.661-8.107v-0.054l-1.821 1.589-4.286-4 1.125-5.768 2.393 0.214q-2.679-3.679-6.946-5.036l0.946 2.214-5.125 2.839-5.125-2.839 0.946-2.214q-4.268 1.357-6.946 5.036l2.411-0.214 1.107 5.768-4.286 4-1.821-1.589v0.054q0 4.482 2.661 8.107l0.536-2.357 5.821 0.714 2.482 5.321-2.071 1.232q2.089 0.696 4.286 0.696t4.286-0.696l-2.071-1.232 2.482-5.321 5.821-0.714z\"><\/path><\/svg><\/span><\/div><\/div><div class=\"vcex-spacing wpex-w-100 wpex-clear\" style=\"height:25px;\"><\/div><style>.vcex-icon.vcex_69eaadaad5c09{font-size:60px;}.vcex-icon.vcex_69eaadaad5c09 .vcex-icon-wrap{width:100px;height:100px;color:#ffffff;background-color:#e9c055;border-radius:99px;}<\/style><div class=\"vcex-icon vcex-module vcex-icon-normal wpex-float-none wpex-m-auto wpex-text-center vcex_69eaadaad5c09\"><div class=\"vcex-icon-wrap wpex-inline-flex wpex-items-center wpex-justify-center wpex-leading-none\"><span class=\"wpex-icon\" aria-hidden=\"true\"><svg xmlns=\"http:\/\/www.w3.org\/2000\/svg\" viewBox=\"0 0 25 32\"><path d=\"M11.429 1.143v11.429q0 1.089-0.634 1.982t-1.652 1.25v13.911q0 0.929-0.679 1.607t-1.607 0.679h-2.286q-0.929 0-1.607-0.679t-0.679-1.607v-13.911q-1.018-0.357-1.652-1.25t-0.634-1.982v-11.429q0-0.464 0.339-0.804t0.804-0.339 0.804 0.339 0.339 0.804v7.429q0 0.464 0.339 0.804t0.804 0.339 0.804-0.339 0.339-0.804v-7.429q0-0.464 0.339-0.804t0.804-0.339 0.804 0.339 0.339 0.804v7.429q0 0.464 0.339 0.804t0.804 0.339 0.804-0.339 0.339-0.804v-7.429q0-0.464 0.339-0.804t0.804-0.339 0.804 0.339 0.339 0.804zM25.143 1.143v28.571q0 0.929-0.679 1.607t-1.607 0.679h-2.286q-0.929 0-1.607-0.679t-0.679-1.607v-9.143h-4q-0.232 0-0.402-0.17t-0.17-0.402v-14.286q0-2.357 1.679-4.036t4.036-1.679h4.571q0.464 0 0.804 0.339t0.339 0.804z\"><\/path><\/svg><\/span><\/div><\/div><div class=\"vcex-spacing wpex-w-100 wpex-clear\" style=\"height:25px;\"><\/div><style>.vcex-icon.vcex_69eaadaad70cc{font-size:60px;}.vcex-icon.vcex_69eaadaad70cc .vcex-icon-wrap{width:100px;height:100px;color:#ffffff;background-color:#e9c055;border-radius:99px;}<\/style><div class=\"vcex-icon vcex-module vcex-icon-normal wpex-float-none wpex-m-auto wpex-text-center vcex_69eaadaad70cc\"><div class=\"vcex-icon-wrap wpex-inline-flex wpex-items-center wpex-justify-center wpex-leading-none\"><span class=\"wpex-icon\" aria-hidden=\"true\"><svg xmlns=\"http:\/\/www.w3.org\/2000\/svg\" viewBox=\"0 0 512 512\"><path d=\"M464 256A208 208 0 1 1 48 256a208 208 0 1 1 416 0zM0 256a256 256 0 1 0 512 0A256 256 0 1 0 0 256zM232 120V256c0 8 4 15.5 10.7 20l96 64c11 7.4 25.9 4.4 33.3-6.7s4.4-25.9-6.7-33.3L280 243.2V120c0-13.3-10.7-24-24-24s-24 10.7-24 24z\"\/><\/svg><\/span><\/div><\/div>[\/vc_column][vc_column style=\u00bbdefault\u00bb bg_style=\u00bbstretch\u00bb padding_left=\u00bb15px\u00bb width=\u00bb3\/4&#8243;][vc_column_text font_size=\u00bb18px\u00bb]\n<h2>Extraescolares<\/h2>\n<p>Amplia gama de actividades organizadas por la AMPA de la ikastola.<\/p>\n<p>https:\/\/tokiederekintzak.wordpress.com\/<\/p>\n<p>&nbsp;<\/p>\n[\/vc_column_text][vc_column_text font_size=\u00bb18px\u00bb]\n<h2>Comedor<\/h2>\n<p>El grupo GASCA es el responsable del servicio de comedor de la ikastola. Puedes consultar la normativa del servicio, los men\u00fas y la informaci\u00f3n de inscripci\u00f3n en el siguiente enlace.\u00a0<a href=\"https:\/\/www.grupogasca.com\/\">https:\/\/www.grupogasca.com\/<\/a><\/p>\n[\/vc_column_text][vc_column_text font_size=\u00bb18px\u00bb]\n<h2>Servicio de custodia &#8211; madrugadores<\/h2>\n<p>Organizado por la AMPA mediante la empresa Jostari.<\/p>\n<p>https:\/\/www.jostari.com\/custodia-tokieder-zaintza-2\/[\/vc_column_text][vc_empty_space][\/vc_column][\/vc_row][vc_row bg_style=\u00bbstretch\u00bb border_style=\u00bbsolid\u00bb padding_top=\u00bb30px\u00bb][vc_column width=\u00bb1\/4&#8243;]<div class=\"vcex-spacing wpex-w-100 wpex-clear\" style=\"height:25px;\"><\/div><style>.vcex-icon.vcex_69eaadaad862e{font-size:60px;}.vcex-icon.vcex_69eaadaad862e .vcex-icon-wrap{width:100px;height:100px;color:#ffffff;background-color:#5ed89b;border-radius:99px;}<\/style><div class=\"vcex-icon vcex-module vcex-icon-normal wpex-float-none wpex-m-auto wpex-text-center vcex_69eaadaad862e\"><div class=\"vcex-icon-wrap wpex-inline-flex wpex-items-center wpex-justify-center wpex-leading-none\"><span class=\"wpex-icon\" aria-hidden=\"true\"><svg xmlns=\"http:\/\/www.w3.org\/2000\/svg\" viewBox=\"0 0 448 512\"><path d=\"M96 0C43 0 0 43 0 96V416c0 53 43 96 96 96H384h32c17.7 0 32-14.3 32-32s-14.3-32-32-32V384c17.7 0 32-14.3 32-32V32c0-17.7-14.3-32-32-32H384 96zm0 384H352v64H96c-17.7 0-32-14.3-32-32s14.3-32 32-32zm32-240c0-8.8 7.2-16 16-16H336c8.8 0 16 7.2 16 16s-7.2 16-16 16H144c-8.8 0-16-7.2-16-16zm16 48H336c8.8 0 16 7.2 16 16s-7.2 16-16 16H144c-8.8 0-16-7.2-16-16s7.2-16 16-16z\"\/><\/svg><\/span><\/div><\/div>[\/vc_column][vc_column style=\u00bbdefault\u00bb bg_style=\u00bbstretch\u00bb padding_left=\u00bb15px\u00bb width=\u00bb3\/4&#8243;][vc_column_text font_size=\u00bb18px\u00bb]\n<h2>Biblioteca<\/h2>\n<p>En la ikastola tenemos una biblioteca en la que ponemos a disposici\u00f3n del alumnado material de apoyo y consulta as\u00ed como recursos de lectura y ocio para su disfrute en tiempos de ocio.[\/vc_column_text][\/vc_column][\/vc_row][vc_row][vc_column]<div class=\"vcex-module vcex-divider vcex-divider-solid vcex-divider-center wpex-mx-auto wpex-block wpex-h-0 wpex-border-b wpex-border-solid wpex-border-main\"><\/div>[vc_empty_space][vc_column_text]\n<h1 style=\"text-align: center;\">\u00bfNO HEMOS RESUELTO TUS DUDAS? \u00a1ESCR\u00cdBENOS!<\/h1>\n[\/vc_column_text][\/vc_column][\/vc_row][vc_row][vc_column]\n<div class=\"wpcf7 no-js\" id=\"wpcf7-f5260-o1\" lang=\"es-ES\" dir=\"ltr\" data-wpcf7-id=\"5260\">\n<div class=\"screen-reader-response\"><p role=\"status\" aria-live=\"polite\" aria-atomic=\"true\"><\/p> <ul><\/ul><\/div>\n<form action=\"\/es\/wp-json\/wp\/v2\/pages\/5232#wpcf7-f5260-o1\" method=\"post\" class=\"wpcf7-form init\" aria-label=\"Formulario de contacto\" novalidate=\"novalidate\" data-status=\"init\">\n<fieldset class=\"hidden-fields-container\"><input type=\"hidden\" name=\"_wpcf7\" value=\"5260\" \/><input type=\"hidden\" name=\"_wpcf7_version\" value=\"6.1.3\" \/><input type=\"hidden\" name=\"_wpcf7_locale\" value=\"es_ES\" \/><input type=\"hidden\" name=\"_wpcf7_unit_tag\" value=\"wpcf7-f5260-o1\" \/><input type=\"hidden\" name=\"_wpcf7_container_post\" value=\"0\" \/><input type=\"hidden\" name=\"_wpcf7_posted_data_hash\" value=\"\" \/>\n<\/fieldset>\n<p><label> Nombre*<br \/>\n<span class=\"wpcf7-form-control-wrap\" data-name=\"your-name\"><input size=\"40\" maxlength=\"400\" class=\"wpcf7-form-control wpcf7-text wpcf7-validates-as-required\" aria-required=\"true\" aria-invalid=\"false\" value=\"\" type=\"text\" name=\"your-name\" \/><\/span> <\/label>\n<\/p>\n<p><label> E-mail*<br \/>\n<span class=\"wpcf7-form-control-wrap\" data-name=\"your-email\"><input size=\"40\" maxlength=\"400\" class=\"wpcf7-form-control wpcf7-email wpcf7-validates-as-required wpcf7-text wpcf7-validates-as-email\" aria-required=\"true\" aria-invalid=\"false\" value=\"\" type=\"email\" name=\"your-email\" \/><\/span> <\/label>\n<\/p>\n<p><label> Asunto:<br \/>\n<span class=\"wpcf7-form-control-wrap\" data-name=\"your-subject\"><input size=\"40\" maxlength=\"400\" class=\"wpcf7-form-control wpcf7-text\" aria-invalid=\"false\" value=\"\" type=\"text\" name=\"your-subject\" \/><\/span> <\/label>\n<\/p>\n<p><label> Mensaje:<br \/>\n<span class=\"wpcf7-form-control-wrap\" data-name=\"your-message\"><textarea cols=\"40\" rows=\"10\" maxlength=\"2000\" class=\"wpcf7-form-control wpcf7-textarea\" aria-invalid=\"false\" name=\"your-message\"><\/textarea><\/span> <\/label>\n<\/p>\n<p><input class=\"wpcf7-form-control wpcf7-submit has-spinner\" type=\"submit\" value=\"Enviar\" \/>\n<\/p><div class=\"wpcf7-response-output\" aria-hidden=\"true\"><\/div>\n<\/form>\n<\/div>\n[\/vc_column][\/vc_row][vc_row][vc_column][vc_single_image image=\u00bb4931&#8243; alignment=\u00bbcenter\u00bb][vc_column_text]\n<p style=\"text-align: center;\">Ikastola TOKIEDER.<br \/>\nCalle Duque de Wellington, 01010 Vitoria-Gasteiz.<br \/>\ntokieder@tokieder.eus\u00a0 945 18 70 40<\/p>\n<p style=\"text-align: center;\"><strong>Consulta la pol\u00edtica de privacidad, datos y cookies aqu\u00ed.<\/strong><\/p>\n[\/vc_column_text][\/vc_column][\/vc_row]\n<\/div>","protected":false},"excerpt":{"rendered":"<p>[vc_row full_width=\u00bbstretch_row_content_no_spaces\u00bb css=\u00bb.vc_custom_1579937817185{padding-top: 200px !important;padding-bottom: 160px !important;background-image: url(http:\/\/www.tokiederikastola.org\/wp-content\/uploads\/2020\/01\/mural.jpg?id=5399) !important;background-position: center !important;background-repeat: no-repeat !important;background-size: cover !important;}\u00bb][vc_column][\/vc_column][\/vc_row][vc_row full_width=\u00bbstretch_row_content_no_spaces\u00bb css=\u00bb.vc_custom_1579937873723{background-position: center !important;background-repeat: no-repeat !important;background-size: cover !important;}\u00bb][vc_column][vc_empty_space height=\u00bb60px\u00bb][vc_column_text css=\u00bb\u00bb font_size=\u00bb18px\u00bb] IKASTOLA [\/vc_column_text][\/vc_column][\/vc_row][vc_row][vc_column width=\u00bb1\/2&#8243;][vc_empty_space][\/vc_column][vc_column width=\u00bb1\/2&#8243;][vc_empty_space][\/vc_column][\/vc_row][vc_row][vc_column][vc_tta_accordion style=\u00bbmodern\u00bb color=\u00bbpeacoc\u00bb active_section=\u00bb8&#8243; no_fill=\u00bbtrue\u00bb collapsible_all=\u00bbtrue\u00bb][vc_tta_section title=\u00bbAPRENDIZAJE COOPERATIVO\u00bb tab_id=\u00bb1573922059271-29e47368-5d8a\u00bb][vc_column_text]Es un proyecto que empez\u00f3 a desarrollarse en el curso 2012-2013 y se dise\u00f1\u00f3 durante 3 a\u00f1os. Hoy&hellip;<\/p>\n","protected":false},"author":1,"featured_media":0,"parent":0,"menu_order":0,"comment_status":"closed","ping_status":"closed","template":"","meta":{"footnotes":""},"class_list":["post-5232","page","type-page","status-publish","hentry","entry","no-media"],"_links":{"self":[{"href":"https:\/\/www.tokiederikastola.org\/es\/wp-json\/wp\/v2\/pages\/5232","targetHints":{"allow":["GET"]}}],"collection":[{"href":"https:\/\/www.tokiederikastola.org\/es\/wp-json\/wp\/v2\/pages"}],"about":[{"href":"https:\/\/www.tokiederikastola.org\/es\/wp-json\/wp\/v2\/types\/page"}],"author":[{"embeddable":true,"href":"https:\/\/www.tokiederikastola.org\/es\/wp-json\/wp\/v2\/users\/1"}],"replies":[{"embeddable":true,"href":"https:\/\/www.tokiederikastola.org\/es\/wp-json\/wp\/v2\/comments?post=5232"}],"version-history":[{"count":44,"href":"https:\/\/www.tokiederikastola.org\/es\/wp-json\/wp\/v2\/pages\/5232\/revisions"}],"predecessor-version":[{"id":6443,"href":"https:\/\/www.tokiederikastola.org\/es\/wp-json\/wp\/v2\/pages\/5232\/revisions\/6443"}],"wp:attachment":[{"href":"https:\/\/www.tokiederikastola.org\/es\/wp-json\/wp\/v2\/media?parent=5232"}],"curies":[{"name":"wp","href":"https:\/\/api.w.org\/{rel}","templated":true}]}}