{"id":5277,"date":"2019-11-16T15:15:18","date_gmt":"2019-11-16T15:15:18","guid":{"rendered":"http:\/\/www.tokiederikastola.org\/?page_id=5277"},"modified":"2019-11-17T15:20:48","modified_gmt":"2019-11-17T15:20:48","slug":"proyecto-educativo","status":"publish","type":"page","link":"https:\/\/www.tokiederikastola.org\/es\/proyecto-educativo\/","title":{"rendered":"PROYECTO EDUCATIVO"},"content":{"rendered":"<p><strong>CENTRO DE EDUCACI\u00d3N SECUNDARIA ADSCRITO<\/strong><\/p>\n<p>El centro de Educaci\u00f3n Secundaria adscrito a esta Ikastola es el Instituto Mendebaldea por lo que el alumno o alumna que haya estado matriculado en esta Ikastola tiene prioridad a la hora de acceder a dicho Instituto.<\/p>\n<p><strong>Horario del alumnado<\/strong><\/p>\n<p><strong>\u00a0 \u00a0 \u00a0 \u00a0<\/strong>Ma\u00f1ana : de 9:30\u00a0 a 13:00. Aula de 2 a\u00f1os con horario flexible:<\/p>\n<p>de 9:30 &#8211; 10\u00a0 a 12:30 &#8211;\u00a0 13:00.<\/p>\n<p>Tarde :\u00a0 de 15:00\u00a0 a 17:00\u00a0 ( Excepto los mi\u00e9rcoles, que el alumnado no tiene clase por la\u00a0 tarde)<\/p>\n<p><strong>PROYECTO EDUCATIVO:<\/strong><\/p>\n<ol>\n<li>Educar al alumnado de forma integral y ayudarle a crear su identidad propia teniendo en cuenta sus cualidades personales y su desarrollo intelectual, f\u00edsico, moral y emocional.<\/li>\n<li>Impulsar valores y actividades como solidaridad, compa\u00f1erismo, respeto, responsabilidad, orden&#8230; que faciliten una convivencia armoniosa.<\/li>\n<li>Que sean personas biling\u00fces. Deben ser capaces de comunicarse en euskara y en castellano, de forma oral y escrita, con facilidad, con un vocabulario adecuado y utilizando estructuras correctas.<\/li>\n<\/ol>\n<p>Para ello, al concluir la Educaci\u00f3n Infantil y como parte del proceso de inmersi\u00f3n ling\u00fc\u00edstica en euskara, el nivel de comprensi\u00f3n y expresi\u00f3n oral debe ser el adecuado para poder cursar los estudios de Educaci\u00f3n Primaria en esa lengua.<\/p>\n<p>La ense\u00f1anza del ingl\u00e9s comienza en Educaci\u00f3n Infantil en el aula de 4 a\u00f1os. El objetivo es conseguir al t\u00e9rmino de la Educaci\u00f3n Primaria el mejor nivel posible de conocimiento y utilizaci\u00f3n de esta lengua.<\/p>\n<ol start=\"4\">\n<li>Adquirir las competencias b\u00e1sicas, los objetivos, los conceptos, los procedimientos y las actitudes concretadas en el Proyecto Curricular de la Ikastola para poder continuar de forma adecuada las siguientes etapas educativas.<\/li>\n<\/ol>\n<style> style=\"padding-block:10px;\"<\/style><div class=\"vcex-module vcex-divider-dots wpex-mx-auto wpex-last-mr-0 wpex-text-center\" style=\"padding-block:10px;\"><span class=\"wpex-inline-block wpex-rounded-full wpex-mr-10\" style=\"background:#dd3333;\"><\/span><span class=\"wpex-inline-block wpex-rounded-full wpex-mr-10\" style=\"background:#dd3333;\"><\/span><span class=\"wpex-inline-block wpex-rounded-full wpex-mr-10\" style=\"background:#dd3333;\"><\/span><\/div>\n<p><strong>PROYECTOS:<\/strong><\/p>\n<p>Potenciamos la utilizaci\u00f3n del euskara tanto en la Ikastola como en todos los \u00e1mbitos que est\u00e1n relacionados con ella: salidas, actividades extraescolares, comedor, patio\u2026 Todos\u00a0 los a\u00f1os se desarrolla el <strong>Proyecto de Normalizaci\u00f3n Ling\u00fc\u00edstica<\/strong>. Al igual que en los dem\u00e1s objetivos, la\u00a0colaboraci\u00f3n con las familias es muy importante en el proceso de\u00a0 aprendizaje del euskara.<\/p>\n<p>Asimismo, contamos con una metodolog\u00eda del <strong>Aprendizaje Cooperativo<\/strong> mediante la cual, adem\u00e1s dell curriculum, se trabajan otras estrategias necesarias en la sociedad.<\/p>\n<p>El <strong>Plan de Tutor\u00eda<\/strong> tambi\u00e9n lo llevamos adelante y las \u00a0<strong>Comisi\u00f3nes de Convivencia y Coeducaci\u00f3n <\/strong>organiza diferentes actividades para toda la ikastola.<\/p>\n<p style=\"text-align: center;\"><img loading=\"lazy\" decoding=\"async\" class=\"aligncenter size-full wp-image-4931\" src=\"http:\/\/www.tokiederikastola.org\/wp-content\/uploads\/2018\/09\/Tokieder-anagrama2.jpg\" alt=\"\" width=\"172\" height=\"229\" \/>Ikastola TOKI EDER.<br \/>\nCalle Duque de Weelington, 01010 Vitoria-Gasteiz.<br \/>\ntokieder@tokieder.eus 945 171 210<\/p>\n<p style=\"text-align: center;\"><strong>Consulta la pol\u00edtica de privacidad, datos y cookies aqu\u00ed.<\/strong><\/p>\n<p>&nbsp;<\/p>\n","protected":false},"excerpt":{"rendered":"<p>CENTRO DE EDUCACI\u00d3N SECUNDARIA ADSCRITO El centro de Educaci\u00f3n Secundaria adscrito a esta Ikastola es el Instituto Mendebaldea por lo que el alumno o alumna que haya estado matriculado en esta Ikastola tiene prioridad a la hora de acceder a dicho Instituto. Horario del alumnado \u00a0 \u00a0 \u00a0 \u00a0Ma\u00f1ana : de 9:30\u00a0 a 13:00. Aula&hellip;<\/p>\n","protected":false},"author":1,"featured_media":0,"parent":0,"menu_order":0,"comment_status":"closed","ping_status":"closed","template":"templates\/no-sidebar.php","meta":{"footnotes":""},"class_list":["post-5277","page","type-page","status-publish","hentry","entry","no-media"],"_links":{"self":[{"href":"https:\/\/www.tokiederikastola.org\/es\/wp-json\/wp\/v2\/pages\/5277","targetHints":{"allow":["GET"]}}],"collection":[{"href":"https:\/\/www.tokiederikastola.org\/es\/wp-json\/wp\/v2\/pages"}],"about":[{"href":"https:\/\/www.tokiederikastola.org\/es\/wp-json\/wp\/v2\/types\/page"}],"author":[{"embeddable":true,"href":"https:\/\/www.tokiederikastola.org\/es\/wp-json\/wp\/v2\/users\/1"}],"replies":[{"embeddable":true,"href":"https:\/\/www.tokiederikastola.org\/es\/wp-json\/wp\/v2\/comments?post=5277"}],"version-history":[{"count":7,"href":"https:\/\/www.tokiederikastola.org\/es\/wp-json\/wp\/v2\/pages\/5277\/revisions"}],"predecessor-version":[{"id":5357,"href":"https:\/\/www.tokiederikastola.org\/es\/wp-json\/wp\/v2\/pages\/5277\/revisions\/5357"}],"wp:attachment":[{"href":"https:\/\/www.tokiederikastola.org\/es\/wp-json\/wp\/v2\/media?parent=5277"}],"curies":[{"name":"wp","href":"https:\/\/api.w.org\/{rel}","templated":true}]}}